{"id":88,"date":"2018-10-07T12:51:07","date_gmt":"2018-10-07T10:51:07","guid":{"rendered":"http:\/\/neueSeite.izvn.de\/?page_id=88"},"modified":"2022-08-02T17:46:25","modified_gmt":"2022-08-02T15:46:25","slug":"unvergessen","status":"publish","type":"page","link":"https:\/\/www.izvn.de\/?page_id=88","title":{"rendered":"Unvergessen"},"content":{"rendered":"<h2 style=\"text-align: center;\"><strong>Auf dieser Seite m\u00f6chten wir<\/strong><br>\n<strong>im Stillen unseren Weggef\u00e4hrten gedenken.<\/strong><\/h2>\n<p><img decoding=\"async\" class=\"aligncenter\" src=\"https:\/\/www.izvn.de\/unvergessen\/butch.jpg\"><\/p>\n<h1 style=\"text-align: center;\">Butch<\/h1>\n<h3 style=\"text-align: center;\">geb. 08.11.1998, verstorben 02.11.1999<\/h3>\n<p style=\"text-align: center;\">Butch war unsere erste Bordeauxdogge. V\u00f6llig unerfahren aber mit dem Willen jetzt und sofort kaufte ich unseren Butch. Aber Zucht und Zucht ist eben nicht das Gleiche, dass lernte ich auf bittere Weise.<br>\nButch war eine sehr,sehr liebe, aber auch sehr zur\u00fcckhaltende Bordeauxdogge. Langsam baute er Vertrauen zu uns auf und wir waren froh das er seine Zur\u00fcckhaltung verloren hat. Leider war unsere Freude nur kurz, au\u00dfer Demodex mit der man aber noch klar kam, sprang im Alter von 6 Monaten sein hinteres Kniegelenk aus der Fuge. Eine OP war unerl\u00e4sslich, aber leider ohne Erfolg. Dazu kam, dass schwere HD und ED festgestellt wurde, die die eigentliche Ursache waren. Wer einmal gesehen hat wie eine gro\u00dfe schwere Bordeauxdogge leidet, die spielen, toben, spazieren gehen will, aber nicht kann wird dass nie vergessen. Mein Mann hat unseren Butch nach den kleinsten Spazierg\u00e4ngen die man ihm noch g\u00f6nnen wollte die letzten Meter aufs Grundst\u00fcck getragen. Wir mussten erkennen, dass hier unsere Grenze war. Nach einem schweren letzten Monat, entschieden wir uns nach langen Gespr\u00e4chen und unter Hinzuziehung unseres Doktors unseren Butch gehen zu lassen.<\/p>\n<p style=\"text-align: center;\">Obwohl unser Butch nicht mal 1 Jahr geworden ist und somit auch nur kurz bei uns war, werden wir ihn, unsere erste Bordeauxdogge, immer in unserer Erinnerung bei uns haben.<\/p>\n<hr>\n<p><img decoding=\"async\" class=\"aligncenter\" src=\"https:\/\/www.izvn.de\/unvergessen\/holly01.jpg\"><\/p>\n<h1 style=\"text-align: center;\">Holly vom Neffeltal<\/h1>\n<h3 style=\"text-align: center;\">geb. 25.10.1999, verstorben 18.05.2009<\/h3>\n<p style=\"text-align: center;\">Diesmal nach reichlicher Information zog am 21.12.1999 unsere Holly bei uns ein.<br>\nHolly war eine sehr liebe H\u00fcndin, aber in ihrer Jugendzeit auch eine kleine Verr\u00fcckte. Sie schenkte uns unsere ersten Welpen und konnte auch noch als Oma und Uroma helfen die kleinen Nachkommen mit gro\u00dfzuziehen.<\/p>\n<p style=\"text-align: center;\">Alle gro\u00dfen und kleinen Leiden haben wir in fast 10 Jahren zusammen \u00fcberstanden und so manche Nacht habe ich neben meiner Holly verbracht. Ja, bis an den Punkt wo wir auch sie \u00fcber die Regenbogenbr\u00fccke gehen lassen mussten. Fast 10 Jahre sind eine lange Zeit und die Erinnerungen h\u00e4ngen in jeder Ecke.<br>\nJa und der Schmerz, der Schmerz bleibt immer der Gleiche, egal wann man daran denkt auch wenn man sagt &#8222;Die Zeit heilt alle Wunden&#8220;.<\/p>\n<p>&nbsp;<\/p>\n<p style=\"text-align: center;\"><img decoding=\"async\" src=\"https:\/\/www.izvn.de\/unvergessen\/holly03.jpg\"><img decoding=\"async\" src=\"https:\/\/www.izvn.de\/unvergessen\/holly02.jpg\"><img decoding=\"async\" src=\"https:\/\/www.izvn.de\/unvergessen\/holly04.jpg\"><img decoding=\"async\" src=\"https:\/\/www.izvn.de\/unvergessen\/holly05.jpg\"><\/p>\n<hr>\n<p><img decoding=\"async\" class=\"aligncenter\" src=\"https:\/\/www.izvn.de\/unvergessen\/abi01.jpg\"><\/p>\n<h1 style=\"text-align: center;\">Abigal vom Nuthetal<\/h1>\n<h3 style=\"text-align: center;\">geb. 17.01.2003, verstorben 05.03.2012<\/h3>\n<p style=\"text-align: center;\">Abigail war eine H\u00fcndin aus unseren ersten Wurf, wir waren so stolz, umso schwerer war es sie gehen zu lassen.<\/p>\n<p style=\"text-align: center;\">Wir waren dabei als sie geboren wurde und waren nun auch dabei als sie \u00fcber den Regenbogen ging, dass ist man seinen treuen Gef\u00e4hrten einfach schuldig. Sie war immer unser B\u00e4rchi treu und lieb und ihren Vater vom Gem\u00fct und aussehen so \u00e4hnlich. Wenn sie einen ansah mit ihren leichten Silberblick konnte man einfach nicht nein sagen, egal worum es ging. Sie war eine wahre Frohnatur.<\/p>\n<p style=\"text-align: center;\">Trotzdem sie mit 9 Jahren und 3 Monaten schon ein stolzes Alter f\u00fcr ein Bordeauxdogge hatte kommt der Regenbogen immer zu fr\u00fch und es ist egal wann und wo man an sie denkt, der Schmerz bleibt immer derselbe.<\/p>\n<p style=\"text-align: center;\"><img decoding=\"async\" src=\"https:\/\/www.izvn.de\/unvergessen\/abi02.jpg\"><img decoding=\"async\" src=\"https:\/\/www.izvn.de\/unvergessen\/abi03.jpg\"><img decoding=\"async\" src=\"https:\/\/www.izvn.de\/unvergessen\/abi04.jpg\"><\/p>\n<hr>\n<p><img decoding=\"async\" class=\"aligncenter\" src=\"https:\/\/www.izvn.de\/unvergessen\/dwina1.jpg\"><\/p>\n<h1 style=\"text-align: center;\">Dwina vom Nuthetal<\/h1>\n<h3 style=\"text-align: center;\">geb. 27.07.2006, verstorben 06.06.2015<\/h3>\n<p style=\"text-align: center;\">Dwina war die zweite H\u00fcndin aus unserer eigenen Zucht. Wir waren so stolz auf sie. Sie hat uns durch Europa erfolgreich zu vielen Ausstellungen begleitet und war eine tolle H\u00fcndin. Sie hatte ihren eigenen Kopf und war der Chef auf dem Hof, aber f\u00fcr uns war sie immer unser Lamm. Bei uns ist es sehr ruhig geworden und diese Ruhe erinnert immer an den Verlust unserer Dwina. Wir und auch Zamoa vermissen sie sehr.<\/p>\n<p style=\"text-align: center;\"><img decoding=\"async\" src=\"https:\/\/www.izvn.de\/unvergessen\/dwina2.jpg\"><img decoding=\"async\" src=\"https:\/\/www.izvn.de\/unvergessen\/dwina3.jpg\"><\/p>\n<p style=\"text-align: center;\"><img decoding=\"async\" src=\"https:\/\/www.izvn.de\/unvergessen\/dwina4.jpg\"><img decoding=\"async\" src=\"https:\/\/www.izvn.de\/unvergessen\/dwina5.jpg\"><\/p>\n\n\n<h2 class=\"has-text-align-center wp-block-heading\">Zamoa Bordeaux Red Forest<\/h2>\n\n\n\n<p class=\"has-text-align-center\">geb. am 22.02.2011, verstorben am 14.07.2022<\/p>\n\n\n\n<p class=\"has-text-align-center\">Unser Zamoa haben wir mit einem Jahr vom Zwinger Bordeaux Red Forest zu uns geholt. Sie hat sich schnell bei uns eingelebt und ist auch mit unserer Dwina gut klar gekommen. Sie war ein liebenswerter Dickkopf und wir haben so manche H\u00f6hen und Tiefen mit ihr durchlebt. Sie schenkte uns Welpen und unsere Kim. Sie liebte ihr Beinscheibe und wusste genau wann wir vom Einkaufen kamen und h\u00fcpfte und sprang dann vor Freude. Auch die Zamoarolle war ihr Markenzeichen, sie rollte sich auf der Wiese und im Garten es war so sch\u00f6n mit anzusehen wie wohl sie sich f\u00fchlte. Auch ihre Schlafstellung war f\u00fcr uns immer ein Highlight.  Mit fast 11 1\/2 Jahren hatte sie ein stolzes Alter und wir waren so stolz darauf. Ich hatte mir immer gew\u00fcnscht, dass einer meiner Fellnasen bei mir zu Hause einschl\u00e4ft und ich nicht die Entscheidung treffen muss. Zamoa hat mir diesen Wunsch erf\u00fcllt&#8230;&#8230;.! V\u00f6llig unerwartet nach dem sie fr\u00fch noch ihre ber\u00fchmte Zamoarolle drehte, hat sie mich uns an diesem wundersch\u00f6nen Sommertag unter ihrer Weide in meinen Armen verlassen. Kim hat gerade Babys und wir wollten aus diesem Wurf wieder einen kleinen Racker behalten. Es f\u00fchlt sich so an, als wenn sie darauf gewartet hat und nun in Ruhe gehen konnte. Aber sie ist nicht gegangen, sie wacht \u00fcber uns unter ihrer Weide.<\/p>\n\n\n\n<p><\/p>\n\n\n\n<div class=\"wp-block-columns is-layout-flex wp-container-core-columns-is-layout-9d6595d7 wp-block-columns-is-layout-flex\">\n<div class=\"wp-block-column is-layout-flow wp-block-column-is-layout-flow\">\n<figure class=\"wp-block-image size-large\"><img loading=\"lazy\" decoding=\"async\" width=\"768\" height=\"1024\" src=\"https:\/\/www.izvn.de\/wp-content\/uploads\/2022\/08\/IMG_9580-1-768x1024.jpg\" alt=\"\" class=\"wp-image-824\" srcset=\"https:\/\/www.izvn.de\/wp-content\/uploads\/2022\/08\/IMG_9580-1-768x1024.jpg 768w, https:\/\/www.izvn.de\/wp-content\/uploads\/2022\/08\/IMG_9580-1-225x300.jpg 225w, https:\/\/www.izvn.de\/wp-content\/uploads\/2022\/08\/IMG_9580-1-576x768.jpg 576w, https:\/\/www.izvn.de\/wp-content\/uploads\/2022\/08\/IMG_9580-1-1152x1536.jpg 1152w, https:\/\/www.izvn.de\/wp-content\/uploads\/2022\/08\/IMG_9580-1-1536x2048.jpg 1536w, https:\/\/www.izvn.de\/wp-content\/uploads\/2022\/08\/IMG_9580-1-scaled.jpg 1920w\" sizes=\"auto, (max-width: 768px) 100vw, 768px\" \/><\/figure>\n<\/div>\n\n\n\n<div class=\"wp-block-column is-layout-flow wp-block-column-is-layout-flow\">\n<figure class=\"wp-block-image size-large\"><img loading=\"lazy\" decoding=\"async\" width=\"768\" height=\"1024\" src=\"https:\/\/www.izvn.de\/wp-content\/uploads\/2022\/08\/51dbec3a-f245-4e51-a34c-cd9a5a395da6-768x1024.jpg\" alt=\"\" class=\"wp-image-825\" srcset=\"https:\/\/www.izvn.de\/wp-content\/uploads\/2022\/08\/51dbec3a-f245-4e51-a34c-cd9a5a395da6-768x1024.jpg 768w, https:\/\/www.izvn.de\/wp-content\/uploads\/2022\/08\/51dbec3a-f245-4e51-a34c-cd9a5a395da6-225x300.jpg 225w, https:\/\/www.izvn.de\/wp-content\/uploads\/2022\/08\/51dbec3a-f245-4e51-a34c-cd9a5a395da6-576x768.jpg 576w, https:\/\/www.izvn.de\/wp-content\/uploads\/2022\/08\/51dbec3a-f245-4e51-a34c-cd9a5a395da6-1152x1536.jpg 1152w, https:\/\/www.izvn.de\/wp-content\/uploads\/2022\/08\/51dbec3a-f245-4e51-a34c-cd9a5a395da6.jpg 1536w\" sizes=\"auto, (max-width: 768px) 100vw, 768px\" \/><figcaption>Zamoas ber\u00fchmte Schlafstellung<\/figcaption><\/figure>\n<\/div>\n\n\n\n<div class=\"wp-block-column is-layout-flow wp-block-column-is-layout-flow\">\n<figure class=\"wp-block-image size-large\"><img loading=\"lazy\" decoding=\"async\" width=\"768\" height=\"1024\" src=\"https:\/\/www.izvn.de\/wp-content\/uploads\/2022\/08\/2ff26669-1ad5-4821-b987-e5453a4a45d6-768x1024.jpg\" alt=\"\" class=\"wp-image-826\" srcset=\"https:\/\/www.izvn.de\/wp-content\/uploads\/2022\/08\/2ff26669-1ad5-4821-b987-e5453a4a45d6-768x1024.jpg 768w, https:\/\/www.izvn.de\/wp-content\/uploads\/2022\/08\/2ff26669-1ad5-4821-b987-e5453a4a45d6-225x300.jpg 225w, https:\/\/www.izvn.de\/wp-content\/uploads\/2022\/08\/2ff26669-1ad5-4821-b987-e5453a4a45d6-576x768.jpg 576w, https:\/\/www.izvn.de\/wp-content\/uploads\/2022\/08\/2ff26669-1ad5-4821-b987-e5453a4a45d6-1152x1536.jpg 1152w, https:\/\/www.izvn.de\/wp-content\/uploads\/2022\/08\/2ff26669-1ad5-4821-b987-e5453a4a45d6.jpg 1536w\" sizes=\"auto, (max-width: 768px) 100vw, 768px\" \/><figcaption>So lag sie am liebsten auf dem Podest!<\/figcaption><\/figure>\n<\/div>\n<\/div>\n\n\n\n<div class=\"wp-block-columns is-layout-flex wp-container-core-columns-is-layout-9d6595d7 wp-block-columns-is-layout-flex\">\n<div class=\"wp-block-column is-layout-flow wp-block-column-is-layout-flow\">\n<figure class=\"wp-block-image size-large\"><img loading=\"lazy\" decoding=\"async\" width=\"768\" height=\"1024\" src=\"https:\/\/www.izvn.de\/wp-content\/uploads\/2022\/08\/IMG_0008-768x1024.jpg\" alt=\"\" class=\"wp-image-827\" srcset=\"https:\/\/www.izvn.de\/wp-content\/uploads\/2022\/08\/IMG_0008-768x1024.jpg 768w, https:\/\/www.izvn.de\/wp-content\/uploads\/2022\/08\/IMG_0008-225x300.jpg 225w, https:\/\/www.izvn.de\/wp-content\/uploads\/2022\/08\/IMG_0008-576x768.jpg 576w, https:\/\/www.izvn.de\/wp-content\/uploads\/2022\/08\/IMG_0008-1152x1536.jpg 1152w, https:\/\/www.izvn.de\/wp-content\/uploads\/2022\/08\/IMG_0008-1536x2048.jpg 1536w, https:\/\/www.izvn.de\/wp-content\/uploads\/2022\/08\/IMG_0008-scaled.jpg 1920w\" sizes=\"auto, (max-width: 768px) 100vw, 768px\" \/><figcaption>Spielen mit Papa!<\/figcaption><\/figure>\n<\/div>\n\n\n\n<div class=\"wp-block-column is-layout-flow wp-block-column-is-layout-flow\">\n<figure class=\"wp-block-image size-large\"><img loading=\"lazy\" decoding=\"async\" width=\"768\" height=\"1024\" src=\"https:\/\/www.izvn.de\/wp-content\/uploads\/2022\/08\/IMG_0043-1-2-768x1024.jpg\" alt=\"\" class=\"wp-image-830\" srcset=\"https:\/\/www.izvn.de\/wp-content\/uploads\/2022\/08\/IMG_0043-1-2-768x1024.jpg 768w, https:\/\/www.izvn.de\/wp-content\/uploads\/2022\/08\/IMG_0043-1-2-225x300.jpg 225w, https:\/\/www.izvn.de\/wp-content\/uploads\/2022\/08\/IMG_0043-1-2-576x768.jpg 576w, https:\/\/www.izvn.de\/wp-content\/uploads\/2022\/08\/IMG_0043-1-2-1152x1536.jpg 1152w, https:\/\/www.izvn.de\/wp-content\/uploads\/2022\/08\/IMG_0043-1-2-1536x2048.jpg 1536w, https:\/\/www.izvn.de\/wp-content\/uploads\/2022\/08\/IMG_0043-1-2-scaled.jpg 1920w\" sizes=\"auto, (max-width: 768px) 100vw, 768px\" \/><figcaption>Mein liebstes Bild &#8230;.Zuneigung pur&#8230;&#8230;<\/figcaption><\/figure>\n<\/div>\n<\/div>\n\n\n\n<div class=\"wp-block-columns is-layout-flex wp-container-core-columns-is-layout-9d6595d7 wp-block-columns-is-layout-flex\">\n<div class=\"wp-block-column is-layout-flow wp-block-column-is-layout-flow\">\n<figure class=\"wp-block-image size-large\"><img loading=\"lazy\" decoding=\"async\" width=\"1024\" height=\"768\" src=\"https:\/\/www.izvn.de\/wp-content\/uploads\/2022\/08\/dbc2f667-ac8a-45cc-9422-41bc73b6ae19-1024x768.jpg\" alt=\"\" class=\"wp-image-831\" srcset=\"https:\/\/www.izvn.de\/wp-content\/uploads\/2022\/08\/dbc2f667-ac8a-45cc-9422-41bc73b6ae19-1024x768.jpg 1024w, https:\/\/www.izvn.de\/wp-content\/uploads\/2022\/08\/dbc2f667-ac8a-45cc-9422-41bc73b6ae19-300x225.jpg 300w, https:\/\/www.izvn.de\/wp-content\/uploads\/2022\/08\/dbc2f667-ac8a-45cc-9422-41bc73b6ae19-768x576.jpg 768w, https:\/\/www.izvn.de\/wp-content\/uploads\/2022\/08\/dbc2f667-ac8a-45cc-9422-41bc73b6ae19-1536x1152.jpg 1536w, https:\/\/www.izvn.de\/wp-content\/uploads\/2022\/08\/dbc2f667-ac8a-45cc-9422-41bc73b6ae19.jpg 2048w\" sizes=\"auto, (max-width: 1024px) 100vw, 1024px\" \/><figcaption>Ihre geliebte Wiese&#8230;..<\/figcaption><\/figure>\n<\/div>\n\n\n\n<div class=\"wp-block-column is-layout-flow wp-block-column-is-layout-flow\">\n<figure class=\"wp-block-image size-large\"><img loading=\"lazy\" decoding=\"async\" width=\"1024\" height=\"768\" src=\"https:\/\/www.izvn.de\/wp-content\/uploads\/2022\/08\/IMG_0426-1024x768.jpg\" alt=\"\" class=\"wp-image-832\" srcset=\"https:\/\/www.izvn.de\/wp-content\/uploads\/2022\/08\/IMG_0426-1024x768.jpg 1024w, https:\/\/www.izvn.de\/wp-content\/uploads\/2022\/08\/IMG_0426-300x225.jpg 300w, https:\/\/www.izvn.de\/wp-content\/uploads\/2022\/08\/IMG_0426-768x576.jpg 768w, https:\/\/www.izvn.de\/wp-content\/uploads\/2022\/08\/IMG_0426-1536x1152.jpg 1536w, https:\/\/www.izvn.de\/wp-content\/uploads\/2022\/08\/IMG_0426-2048x1536.jpg 2048w\" sizes=\"auto, (max-width: 1024px) 100vw, 1024px\" \/><figcaption>Die wohlf\u00fchl Zamoarolle&#8230;.<\/figcaption><\/figure>\n<\/div>\n<\/div>\n\n\n\n\n\n<p><\/p>\n\n\n\n<p><\/p>\n\n\n\n<p><\/p>\n\n\n\n<p><\/p>\n\n\n\n<p> <\/p>\n","protected":false},"excerpt":{"rendered":"<p>Auf dieser Seite m\u00f6chten wir im Stillen unseren Weggef\u00e4hrten gedenken. Butch geb. 08.11.1998, verstorben 02.11.1999 Butch war unsere erste Bordeauxdogge. V\u00f6llig unerfahren aber mit dem Willen jetzt und sofort kaufte ich unseren Butch. Aber Zucht und Zucht ist eben nicht das Gleiche, dass lernte ich auf bittere Weise. Butch war eine sehr,sehr liebe, aber auch &#8230; <a title=\"Unvergessen\" class=\"read-more\" href=\"https:\/\/www.izvn.de\/?page_id=88\" aria-label=\"Mehr Informationen \u00fcber Unvergessen\">Weiterlesen<\/a><\/p>\n","protected":false},"author":1,"featured_media":0,"parent":0,"menu_order":0,"comment_status":"closed","ping_status":"closed","template":"","meta":{"footnotes":""},"class_list":["post-88","page","type-page","status-publish"],"_links":{"self":[{"href":"https:\/\/www.izvn.de\/index.php?rest_route=\/wp\/v2\/pages\/88","targetHints":{"allow":["GET"]}}],"collection":[{"href":"https:\/\/www.izvn.de\/index.php?rest_route=\/wp\/v2\/pages"}],"about":[{"href":"https:\/\/www.izvn.de\/index.php?rest_route=\/wp\/v2\/types\/page"}],"author":[{"embeddable":true,"href":"https:\/\/www.izvn.de\/index.php?rest_route=\/wp\/v2\/users\/1"}],"replies":[{"embeddable":true,"href":"https:\/\/www.izvn.de\/index.php?rest_route=%2Fwp%2Fv2%2Fcomments&post=88"}],"version-history":[{"count":6,"href":"https:\/\/www.izvn.de\/index.php?rest_route=\/wp\/v2\/pages\/88\/revisions"}],"predecessor-version":[{"id":833,"href":"https:\/\/www.izvn.de\/index.php?rest_route=\/wp\/v2\/pages\/88\/revisions\/833"}],"wp:attachment":[{"href":"https:\/\/www.izvn.de\/index.php?rest_route=%2Fwp%2Fv2%2Fmedia&parent=88"}],"curies":[{"name":"wp","href":"https:\/\/api.w.org\/{rel}","templated":true}]}}