{"id":2,"date":"2016-05-10T03:48:21","date_gmt":"2016-05-10T03:48:21","guid":{"rendered":"http:\/\/izvn.de\/?page_id=2"},"modified":"2025-04-02T10:21:45","modified_gmt":"2025-04-02T08:21:45","slug":"sample-page","status":"publish","type":"page","link":"https:\/\/www.izvn.de\/","title":{"rendered":"Start"},"content":{"rendered":"<table style=\"height: 345px;\" width=\"1299\">\n<tbody>\n<tr>\n<td align=\"center\"><img loading=\"lazy\" decoding=\"async\" class=\"alignright  wp-image-43\" src=\"https:\/\/www.izvn.de\/wp-content\/uploads\/2018\/07\/BaribalP.jpg\" alt=\"\" width=\"397\" height=\"381\" srcset=\"https:\/\/www.izvn.de\/wp-content\/uploads\/2018\/07\/BaribalP.jpg 325w, https:\/\/www.izvn.de\/wp-content\/uploads\/2018\/07\/BaribalP-300x288.jpg 300w\" sizes=\"auto, (max-width: 397px) 100vw, 397px\" \/><\/td>\n<td align=\"center\">\n<h1 style=\"text-align: center;\">Bordeauxdoggen Zwinger<br \/>\nvom Nuthetal<br \/>\n<b><\/b><\/h1>\n<h2 style=\"text-align: center;\">ans\u00e4ssig im Land Berlin\/Brandenburg<\/h2>\n<h2 style=\"text-align: center;\">Mitglied im VDH\/FCI<br \/>\nClub f\u00fcr Molosser<br \/>\nZuchtrasse: Dogue de Bordeaux (Bordeauxdogge)<b>\u00a0<\/b><\/h2>\n<hr size=\"2\" \/>\n<p style=\"text-align: center;\">Ullrich und Simone Bischoff<br \/>\nTel.: 0331-618386<br \/>\nEmail: <a href=\"mailto:Tante-sb@gmx.de\">Tante-sb@gmx.de<\/a><\/p>\n<\/td>\n<\/tr>\n<\/tbody>\n<\/table>\n<h3 style=\"text-align: center;\"><span style=\"font-family: verdana;\">Wir hei\u00dfen Sie herzlich willkommen auf unseren Seiten,<br \/>\nund bedanken uns f\u00fcr Ihr Interesse an dieser sch\u00f6nen Hunderasse.<\/span><\/h3>\n<h3 style=\"text-align: center;\"><\/h3>\n<h3 style=\"text-align: center;\">Auf unseren Seiten m\u00f6chten wir Ihnen unsere Hundezucht vorstellen. Au\u00dferdem wollen wir<\/h3>\n<h3 style=\"text-align: center;\">versuchen den Vorurteilen gegen\u00fcber dieser Hunderasse etwas entgegenzuwirken.<\/h3>\n<h3 style=\"text-align: center;\">Wir w\u00fcnschen Ihnen viel Freude beim Besuch unserer Seiten.<\/h3>\n<p><span style=\"font-family: verdana;\">\u00a0<\/span><\/p>\n","protected":false},"excerpt":{"rendered":"<p>Bordeauxdoggen Zwinger vom Nuthetal ans\u00e4ssig im Land Berlin\/Brandenburg Mitglied im VDH\/FCI Club f\u00fcr Molosser Zuchtrasse: Dogue de Bordeaux (Bordeauxdogge)\u00a0 Ullrich und Simone Bischoff Tel.: 0331-618386 Email: Tante-sb@gmx.de Wir hei\u00dfen Sie herzlich willkommen auf unseren Seiten, und bedanken uns f\u00fcr Ihr Interesse an dieser sch\u00f6nen Hunderasse. Auf unseren Seiten m\u00f6chten wir Ihnen unsere Hundezucht vorstellen. Au\u00dferdem &#8230; <a title=\"Start\" class=\"read-more\" href=\"https:\/\/www.izvn.de\/\" aria-label=\"Mehr Informationen \u00fcber Start\">Weiterlesen<\/a><\/p>\n","protected":false},"author":1,"featured_media":0,"parent":0,"menu_order":0,"comment_status":"closed","ping_status":"open","template":"","meta":{"footnotes":""},"class_list":["post-2","page","type-page","status-publish"],"_links":{"self":[{"href":"https:\/\/www.izvn.de\/index.php?rest_route=\/wp\/v2\/pages\/2","targetHints":{"allow":["GET"]}}],"collection":[{"href":"https:\/\/www.izvn.de\/index.php?rest_route=\/wp\/v2\/pages"}],"about":[{"href":"https:\/\/www.izvn.de\/index.php?rest_route=\/wp\/v2\/types\/page"}],"author":[{"embeddable":true,"href":"https:\/\/www.izvn.de\/index.php?rest_route=\/wp\/v2\/users\/1"}],"replies":[{"embeddable":true,"href":"https:\/\/www.izvn.de\/index.php?rest_route=%2Fwp%2Fv2%2Fcomments&post=2"}],"version-history":[{"count":14,"href":"https:\/\/www.izvn.de\/index.php?rest_route=\/wp\/v2\/pages\/2\/revisions"}],"predecessor-version":[{"id":1138,"href":"https:\/\/www.izvn.de\/index.php?rest_route=\/wp\/v2\/pages\/2\/revisions\/1138"}],"wp:attachment":[{"href":"https:\/\/www.izvn.de\/index.php?rest_route=%2Fwp%2Fv2%2Fmedia&parent=2"}],"curies":[{"name":"wp","href":"https:\/\/api.w.org\/{rel}","templated":true}]}}